{"id":725,"date":"2025-08-04T09:48:08","date_gmt":"2025-08-04T07:48:08","guid":{"rendered":"https:\/\/physiotherapie-pregler.de\/?page_id=725"},"modified":"2026-04-09T19:57:46","modified_gmt":"2026-04-09T17:57:46","slug":"patienten-app-physiotherapie","status":"publish","type":"page","link":"https:\/\/physiotherapie-pregler.de\/de\/patienten-app-physiotherapie\/","title":{"rendered":"TheraConnect-App"},"content":{"rendered":"\n<div class=\"wp-block-cover alignfull\" style=\"padding-top:0px;padding-right:1px;padding-bottom:0px;padding-left:1px;min-height:60vh;aspect-ratio:unset;\"><img decoding=\"async\" width=\"2560\" height=\"1920\" loading=\"lazy\" class=\"wp-block-cover__image-background wp-image-728 size-full\" alt=\"Patienten App Physiotherapie TheraConnect in der Praxis\" src=\"https:\/\/physiotherapie-pregler.de\/wp-content\/uploads\/2025\/08\/Pregler-TheraConnect-App-scaled.webp\" data-object-fit=\"cover\" srcset=\"https:\/\/physiotherapie-pregler.de\/wp-content\/uploads\/2025\/08\/Pregler-TheraConnect-App-scaled.webp 2560w, https:\/\/physiotherapie-pregler.de\/wp-content\/uploads\/2025\/08\/Pregler-TheraConnect-App-300x225.webp 300w, https:\/\/physiotherapie-pregler.de\/wp-content\/uploads\/2025\/08\/Pregler-TheraConnect-App-1024x768.webp 1024w, https:\/\/physiotherapie-pregler.de\/wp-content\/uploads\/2025\/08\/Pregler-TheraConnect-App-768x576.webp 768w, https:\/\/physiotherapie-pregler.de\/wp-content\/uploads\/2025\/08\/Pregler-TheraConnect-App-1536x1152.webp 1536w, https:\/\/physiotherapie-pregler.de\/wp-content\/uploads\/2025\/08\/Pregler-TheraConnect-App-2048x1536.webp 2048w, https:\/\/physiotherapie-pregler.de\/wp-content\/uploads\/2025\/08\/Pregler-TheraConnect-App-16x12.webp 16w\" sizes=\"auto, (max-width: 2560px) 100vw, 2560px\" \/><span aria-hidden=\"true\" class=\"wp-block-cover__background has-contrast-background-color has-background-dim-60 has-background-dim\"><\/span><div class=\"wp-block-cover__inner-container is-layout-flow wp-block-cover-is-layout-flow\">\n<h1 class=\"wp-block-gutenverse-heading guten-element guten-h9X9zv\">TheraConnect-App<\/h1>\n<\/div><\/div>\n\n\n\n<div class=\"section-wrapper\" data-id=\"ltUtUZ\"><section class=\"wp-block-gutenverse-section guten-element guten-section guten-ltUtUZ layout-boxed align-stretch\"><div class=\"guten-container guten-column-gap-default\">\n<div class=\"wp-block-gutenverse-column guten-element guten-column guten-6xpRTD\"><div class=\"guten-column-wrapper\" data-id=\"6xpRTD\">\n<div class=\"guten-element guten-wrap-helper no-margin guten-VLcj20 block\"><div class=\"guten-inner-wrap\" data-id=\"VLcj20\">\n<p aria-label=\"Text Paragraph\" class=\"guten-element gutenverse-text guten-RPgGD7\">Patienten App Physiotherapie<\/p>\n<\/div><\/div>\n\n\n\n<h2 class=\"wp-block-gutenverse-heading guten-element guten-Z5kuHS\">Die Patienten-App f\u00fcr meine Physiotherapie-Praxis<\/h2>\n\n\n\n<div class=\"section-wrapper\" data-id=\"EN7qpg\"><section class=\"wp-block-gutenverse-section guten-element guten-section guten-EN7qpg layout-fullwidth align-stretch\"><div class=\"guten-container guten-column-gap-narrow\">\n<div class=\"wp-block-gutenverse-column guten-element guten-column guten-fMp6MK\"><div class=\"guten-column-wrapper\" data-id=\"fMp6MK\">\n<p aria-label=\"Text Paragraph\" class=\"guten-element gutenverse-text guten-7Jgfh0\">Die Patienten App f\u00fcr Physiotherapie TheraConnect erm\u00f6glicht Ihnen, Ihre Praxis jederzeit digital zu erreichen.<\/p>\n\n\n\n<p aria-label=\"Text Paragraph\" class=\"guten-element gutenverse-text guten-FHt57l\">Sie k\u00f6nnen Ihre Termine einsehen oder absagen, Nachrichten senden und wichtige Informationen sicher \u00fcber Ihr Smartphone austauschen. So bleiben Sie jederzeit flexibel und sind gleichzeitig einfach, bequem und ortsunabh\u00e4ngig mit Ihrer Physiotherapie-Praxis verbunden.<\/p>\n<\/div><\/div>\n<\/div><\/section><\/div>\n<\/div><\/div>\n<\/div><\/section><\/div>\n\n\n\n<div class=\"section-wrapper\" data-id=\"dSJeMT\"><section class=\"wp-block-gutenverse-section guten-element guten-section guten-dSJeMT layout-boxed align-stretch\"><div class=\"guten-container guten-column-gap-default\">\n<div class=\"wp-block-gutenverse-column guten-element guten-column guten-rxudOV\"><div class=\"guten-column-wrapper\" data-id=\"rxudOV\">\n<div class=\"guten-element guten-wrap-helper no-margin guten-0maD9x block\"><div class=\"guten-inner-wrap\" data-id=\"0maD9x\">\n<p aria-label=\"Text Paragraph\" class=\"guten-element gutenverse-text guten-WNsrJG\">TheraConnect<\/p>\n<\/div><\/div>\n\n\n\n<h2 class=\"wp-block-gutenverse-heading guten-element guten-Nk5tiZ\">Funktionen der TheraConnect Patienten-App<\/h2>\n\n\n\n<div class=\"section-wrapper\" data-id=\"KzUkPl\"><section class=\"wp-block-gutenverse-section guten-element guten-section guten-KzUkPl layout-fullwidth align-stretch\"><div class=\"guten-container guten-column-gap-narrow\">\n<div class=\"wp-block-gutenverse-column guten-element guten-column guten-21889F\"><div class=\"guten-column-wrapper\" data-id=\"21889F\">\n<div class=\"guten-element guten-icon-list guten-S5uiMh\"><div class=\" list-wrapper \">\n<div class=\"guten-element guten-icon-list-item guten-4WIMFF\"><div class=\"list-divider\"><\/div><a id=\"guten-4WIMFF\"><i class=\"fas fa-check-circle\"><\/i><span class=\"list-text \"><strong>Meine Termine:<\/strong>\u00a0\u00dcbersicht \u00fcber alle aktuell vereinbarten Behandlungstermine.<\/span><\/a><\/div>\n\n\n\n<div class=\"guten-element guten-icon-list-item guten-lUwM7o\"><div class=\"list-divider\"><\/div><a id=\"guten-lUwM7o\"><i class=\"fas fa-check-circle\"><\/i><span class=\"list-text \"><strong>Jetzt Termin buchen:<\/strong>\u00a0Buchen oder verwalten Sie Ihre Termine schnell und unkompliziert.<\/span><\/a><\/div>\n\n\n\n<div class=\"guten-element guten-icon-list-item guten-9QCMyB\"><div class=\"list-divider\"><\/div><a id=\"guten-9QCMyB\"><i class=\"fas fa-check-circle\"><\/i><span class=\"list-text \"><strong>Praxis-Homepage besuchen:<\/strong>\u00a0Mit einem Klick direkt zur Website meiner Praxis.<\/span><\/a><\/div>\n\n\n\n<div class=\"guten-element guten-icon-list-item guten-BkskEl\"><div class=\"list-divider\"><\/div><a id=\"guten-BkskEl\"><i class=\"fas fa-check-circle\"><\/i><span class=\"list-text \"><strong>Nachrichten senden:<\/strong>\u00a0Kontaktieren Sie mich direkt \u00fcber die App und \u00fcbermitteln Sie Informationen, z. B. ein Foto Ihrer Verordnung.<\/span><\/a><\/div>\n\n\n\n<div class=\"guten-element guten-icon-list-item guten-dJlMTl\"><div class=\"list-divider\"><\/div><a id=\"guten-dJlMTl\"><i class=\"fas fa-check-circle\"><\/i><span class=\"list-text \"><strong>Anfahrt:<\/strong>\u00a0Alle wichtigen Informationen, damit Sie meine Praxis problemlos finden.<\/span><\/a><\/div>\n<\/div><\/div>\n<\/div><\/div>\n<\/div><\/section><\/div>\n\n\n\n<h2 class=\"wp-block-gutenverse-heading guten-element guten-3WCRGg\">Vorteile der Patienten App f\u00fcr Physiotherapie<\/h2>\n\n\n\n<div class=\"section-wrapper\" data-id=\"g5KSsv\"><section class=\"wp-block-gutenverse-section guten-element guten-section guten-g5KSsv layout-fullwidth align-stretch\"><div class=\"guten-container guten-column-gap-narrow\">\n<div class=\"wp-block-gutenverse-column guten-element guten-column guten-UbPVib\"><div class=\"guten-column-wrapper\" data-id=\"UbPVib\">\n<p aria-label=\"Text Paragraph\" class=\"guten-element gutenverse-text guten-Vku3gX\">Die Patienten App f\u00fcr Physiotherapie wurde entwickelt, um den Kontakt zwischen Praxis und Patient so einfach und effizient wie m\u00f6glich zu gestalten.<\/p>\n\n\n\n<p aria-label=\"Text Paragraph\" class=\"guten-element gutenverse-text guten-Q1QHhu\">So sparen Sie Zeit, da Terminabsprachen, \u00c4nderungen oder kurze R\u00fcckfragen direkt \u00fcber die App erfolgen k\u00f6nnen. Dadurch entfallen lange Wartezeiten am Telefon, und Sie erhalten schneller eine R\u00fcckmeldung.<\/p>\n\n\n\n<p aria-label=\"Text Paragraph\" class=\"guten-element gutenverse-text guten-LoKNR5\">Gleichzeitig werden alle Informationen sicher und DSGVO-konform \u00fcbermittelt. Dabei bleiben Ihre pers\u00f6nlichen Daten und Nachrichten gesch\u00fctzt und ausschlie\u00dflich f\u00fcr die Kommunikation mit meiner Praxis bestimmt.<\/p>\n\n\n\n<p aria-label=\"Text Paragraph\" class=\"guten-element gutenverse-text guten-8YgSEw\">Au\u00dferdem ist die Nutzung der TheraConnect App f\u00fcr Sie kostenlos und erfordert keine technischen Vorkenntnisse. Nach dem Download verbinden Sie sich einmalig \u00fcber den TheraCode mit meiner Praxis und k\u00f6nnen die App sofort nutzen.<\/p>\n\n\n\n<p aria-label=\"Text Paragraph\" class=\"guten-element gutenverse-text guten-RBbCnH\">Insgesamt haben Sie Ihre Physiotherapie-Praxis jederzeit digital griffbereit \u2013 \u00fcbersichtlich, zuverl\u00e4ssig und bequem.<\/p>\n<\/div><\/div>\n<\/div><\/section><\/div>\n<\/div><\/div>\n<\/div><\/section><\/div>\n\n\n\n<div class=\"section-wrapper\" data-id=\"V9aTt4\"><section class=\"wp-block-gutenverse-section guten-element guten-section guten-V9aTt4 layout-boxed align-stretch\"><div class=\"guten-container guten-column-gap-default\">\n<div class=\"wp-block-gutenverse-column guten-element guten-column guten-TH1sMs\"><div class=\"guten-column-wrapper\" data-id=\"TH1sMs\">\n<div class=\"guten-element guten-wrap-helper no-margin guten-bxTqaf block\"><div class=\"guten-inner-wrap\" data-id=\"bxTqaf\">\n<p aria-label=\"Text Paragraph\" class=\"guten-element gutenverse-text guten-af6nUO\">herunterladen<\/p>\n<\/div><\/div>\n\n\n\n<h2 class=\"wp-block-gutenverse-heading guten-element guten-WhJCRZ\">TheraConnect App herunterladen<\/h2>\n\n\n\n<div class=\"section-wrapper\" data-id=\"rLVWgg\"><section class=\"wp-block-gutenverse-section guten-element guten-section guten-rLVWgg layout-boxed align-stretch\"><div class=\"guten-container guten-column-gap-default\">\n<div class=\"wp-block-gutenverse-column guten-element guten-column guten-bdCsbu\"><div class=\"guten-column-wrapper\" data-id=\"bdCsbu\">\n<div class=\"wp-block-group is-nowrap is-layout-flex wp-container-core-group-is-layout-fc054d2d wp-block-group-is-layout-flex\">\n<div class=\"wp-block-gutenverse-image guten-element guten-image guten-Wredbe\"><a class=\"guten-image-wrapper\" href=\"https:\/\/theraconnect.de\/store\/apple\" target=\"_blank\" rel=\"noreferrer noopener\"><img decoding=\"async\" loading=\"lazy\" class=\"gutenverse-image-box-filled\" src=\"https:\/\/physiotherapie-pregler.de\/wp-content\/uploads\/2025\/08\/Download-On-App-Store-Pregler.png\" height=\"40\" width=\"120\" alt=\"TheraCode zur Verbindung mit der Physiotherapie Praxis\"\/><\/a><\/div>\n\n\n\n<div class=\"wp-block-gutenverse-image guten-element guten-image guten-Njtdh5\"><a class=\"guten-image-wrapper\" href=\"https:\/\/theraconnect.de\/store\/google\" target=\"_blank\" rel=\"noreferrer noopener\"><img decoding=\"async\" loading=\"lazy\" class=\"gutenverse-image-box-filled\" src=\"https:\/\/physiotherapie-pregler.de\/wp-content\/uploads\/2025\/08\/Download-On-Google-Play-Pregler.png\" height=\"40\" width=\"135\" alt=\"TheraCode zur Verbindung mit der Physiotherapie Praxis\"\/><\/a><\/div>\n<\/div>\n<\/div><\/div>\n<\/div><\/section><\/div>\n\n\n\n<p aria-label=\"Text Paragraph\" class=\"guten-element gutenverse-text guten-T5dJgC\">Die TheraConnect App steht Ihnen kostenlos im App Store und bei Google Play zur Verf\u00fcgung.<\/p>\n<\/div><\/div>\n<\/div><\/section><\/div>\n\n\n\n<div class=\"section-wrapper\" data-id=\"f3VTCI\"><section class=\"wp-block-gutenverse-section guten-element guten-section guten-f3VTCI layout-boxed align-stretch\"><div class=\"guten-container guten-column-gap-default\">\n<div class=\"wp-block-gutenverse-column guten-element guten-column guten-XY5cgK\"><div class=\"guten-column-wrapper\" data-id=\"XY5cgK\">\n<div class=\"guten-element guten-wrap-helper no-margin guten-So9Ve8 block\"><div class=\"guten-inner-wrap\" data-id=\"So9Ve8\">\n<p aria-label=\"Text Paragraph\" class=\"guten-element gutenverse-text guten-C1cuD7\">Mein TheraCode<\/p>\n<\/div><\/div>\n\n\n\n<h2 class=\"wp-block-gutenverse-heading guten-element guten-lcdedt\">Verbindung mit meiner Praxis herstellen<\/h2>\n\n\n\n<div class=\"section-wrapper\" data-id=\"mnSEqD\"><section class=\"wp-block-gutenverse-section guten-element guten-section guten-mnSEqD layout-fullwidth align-stretch\"><div class=\"guten-container guten-column-gap-narrow\">\n<div class=\"wp-block-gutenverse-column guten-element guten-column guten-PFXtZx\"><div class=\"guten-column-wrapper\" data-id=\"PFXtZx\">\n<p aria-label=\"Text Paragraph\" class=\"guten-element gutenverse-text guten-8IzRo7\">Nach dem Download der App k\u00f6nnen Sie sich ganz einfach mit meiner Praxis verbinden.<\/p>\n\n\n\n<p aria-label=\"Text Paragraph\" class=\"guten-element gutenverse-text guten-gDCQTm\">Scannen Sie dazu den untenstehenden TheraCode direkt in der App. So ist Ihre Praxis eindeutig zugeordnet und Sie k\u00f6nnen alle Funktionen nutzen.<\/p>\n\n\n\n<div class=\"wp-block-gutenverse-image guten-element guten-image guten-1UQ2s6\"><a class=\"guten-image-wrapper\" href=\"https:\/\/theraconnect.de\/app?connect=KQAAAAJnd19pZAAZAAAATWpjNE16QTZCdWRYbEFRdnZkcXJLd3U3AAA\" target=\"_blank\" rel=\"noreferrer noopener\"><img decoding=\"async\" loading=\"lazy\" class=\"gutenverse-image-box-filled\" src=\"https:\/\/physiotherapie-pregler.de\/wp-content\/uploads\/2026\/04\/TheraCode-Physiotherapie-Prergler.png\" height=\"250\" width=\"250\" alt=\"TheraCode-Physiotherapie-Prergler\"\/><\/a><\/div>\n<\/div><\/div>\n<\/div><\/section><\/div>\n<\/div><\/div>\n<\/div><\/section><\/div>\n","protected":false},"excerpt":{"rendered":"","protected":false},"author":1,"featured_media":0,"parent":0,"menu_order":0,"comment_status":"closed","ping_status":"closed","template":"","meta":{"nf_dc_page":"","footnotes":""},"class_list":["post-725","page","type-page","status-publish","hentry"],"yoast_head":"<!-- This site is optimized with the Yoast SEO plugin v27.3 - https:\/\/yoast.com\/product\/yoast-seo-wordpress\/ -->\n<title>Patienten App Physiotherapie \u2013 TheraConnect - Private Physiotherapie Pregler<\/title>\n<meta name=\"description\" content=\"Mit der TheraConnect Patienten-App verwalten Sie Termine, senden Nachrichten und erreichen Ihre Physiotherapie-Praxis jederzeit digital.\" \/>\n<meta name=\"robots\" content=\"index, follow, max-snippet:-1, max-image-preview:large, max-video-preview:-1\" \/>\n<link rel=\"canonical\" href=\"https:\/\/physiotherapie-pregler.de\/de\/patienten-app-physiotherapie\/\" \/>\n<meta property=\"og:locale\" content=\"de_DE\" \/>\n<meta property=\"og:type\" content=\"article\" \/>\n<meta property=\"og:title\" content=\"Patienten App Physiotherapie \u2013 TheraConnect - Private Physiotherapie Pregler\" \/>\n<meta property=\"og:description\" content=\"Mit der TheraConnect Patienten-App verwalten Sie Termine, senden Nachrichten und erreichen Ihre Physiotherapie-Praxis jederzeit digital.\" \/>\n<meta property=\"og:url\" content=\"https:\/\/physiotherapie-pregler.de\/de\/patienten-app-physiotherapie\/\" \/>\n<meta property=\"og:site_name\" content=\"Private Physiotherapie Pregler\" \/>\n<meta property=\"article:modified_time\" content=\"2026-04-09T17:57:46+00:00\" \/>\n<meta property=\"og:image\" content=\"https:\/\/physiotherapie-pregler.de\/wp-content\/uploads\/2025\/08\/Pregler-TheraConnect-App-1024x768.webp\" \/>\n\t<meta property=\"og:image:width\" content=\"1024\" \/>\n\t<meta property=\"og:image:height\" content=\"768\" \/>\n\t<meta property=\"og:image:type\" content=\"image\/webp\" \/>\n<meta name=\"twitter:card\" content=\"summary_large_image\" \/>\n<meta name=\"twitter:label1\" content=\"Gesch\u00e4tzte Lesezeit\" \/>\n\t<meta name=\"twitter:data1\" content=\"3\u00a0Minuten\" \/>\n<script type=\"application\/ld+json\" class=\"yoast-schema-graph\">{\"@context\":\"https:\\\/\\\/schema.org\",\"@graph\":[{\"@type\":[\"WebPage\",\"MedicalWebPage\"],\"@id\":\"https:\\\/\\\/physiotherapie-pregler.de\\\/patienten-app-physiotherapie\\\/\",\"url\":\"https:\\\/\\\/physiotherapie-pregler.de\\\/patienten-app-physiotherapie\\\/\",\"name\":\"Patienten App Physiotherapie \u2013 TheraConnect - Private Physiotherapie Pregler\",\"isPartOf\":{\"@id\":\"https:\\\/\\\/rzu.upx.mybluehost.me\\\/#website\"},\"primaryImageOfPage\":{\"@id\":\"https:\\\/\\\/physiotherapie-pregler.de\\\/patienten-app-physiotherapie\\\/#primaryimage\"},\"image\":{\"@id\":\"https:\\\/\\\/physiotherapie-pregler.de\\\/patienten-app-physiotherapie\\\/#primaryimage\"},\"thumbnailUrl\":\"https:\\\/\\\/physiotherapie-pregler.de\\\/wp-content\\\/uploads\\\/2025\\\/08\\\/Pregler-TheraConnect-App-scaled.webp\",\"datePublished\":\"2025-08-04T07:48:08+00:00\",\"dateModified\":\"2026-04-09T17:57:46+00:00\",\"description\":\"Mit der TheraConnect Patienten-App verwalten Sie Termine, senden Nachrichten und erreichen Ihre Physiotherapie-Praxis jederzeit digital.\",\"breadcrumb\":{\"@id\":\"https:\\\/\\\/physiotherapie-pregler.de\\\/patienten-app-physiotherapie\\\/#breadcrumb\"},\"inLanguage\":\"de\",\"potentialAction\":[{\"@type\":\"ReadAction\",\"target\":[\"https:\\\/\\\/physiotherapie-pregler.de\\\/patienten-app-physiotherapie\\\/\"]}]},{\"@type\":\"ImageObject\",\"inLanguage\":\"de\",\"@id\":\"https:\\\/\\\/physiotherapie-pregler.de\\\/patienten-app-physiotherapie\\\/#primaryimage\",\"url\":\"https:\\\/\\\/physiotherapie-pregler.de\\\/wp-content\\\/uploads\\\/2025\\\/08\\\/Pregler-TheraConnect-App-scaled.webp\",\"contentUrl\":\"https:\\\/\\\/physiotherapie-pregler.de\\\/wp-content\\\/uploads\\\/2025\\\/08\\\/Pregler-TheraConnect-App-scaled.webp\"},{\"@type\":\"BreadcrumbList\",\"@id\":\"https:\\\/\\\/physiotherapie-pregler.de\\\/patienten-app-physiotherapie\\\/#breadcrumb\",\"itemListElement\":[{\"@type\":\"ListItem\",\"position\":1,\"name\":\"Home\",\"item\":\"https:\\\/\\\/physiotherapie-pregler.de\\\/\"},{\"@type\":\"ListItem\",\"position\":2,\"name\":\"TheraConnect-App\"}]},{\"@type\":\"WebSite\",\"@id\":\"https:\\\/\\\/rzu.upx.mybluehost.me\\\/#website\",\"url\":\"https:\\\/\\\/rzu.upx.mybluehost.me\\\/\",\"name\":\"Private Physiotherapie Pregler\",\"description\":\"PRIVATE PHYSIOTHERAPIE PREGLER\",\"publisher\":{\"@id\":\"https:\\\/\\\/rzu.upx.mybluehost.me\\\/#organization\"},\"alternateName\":\"Private Physiotherapie Pregler\",\"potentialAction\":[{\"@type\":\"SearchAction\",\"target\":{\"@type\":\"EntryPoint\",\"urlTemplate\":\"https:\\\/\\\/rzu.upx.mybluehost.me\\\/?s={search_term_string}\"},\"query-input\":{\"@type\":\"PropertyValueSpecification\",\"valueRequired\":true,\"valueName\":\"search_term_string\"}}],\"inLanguage\":\"de\"},{\"@type\":\"Organization\",\"@id\":\"https:\\\/\\\/rzu.upx.mybluehost.me\\\/#organization\",\"name\":\"Private Physiotherapie Pregler\",\"alternateName\":\"Private Physiotherapie Pregler\",\"url\":\"https:\\\/\\\/rzu.upx.mybluehost.me\\\/\",\"logo\":{\"@type\":\"ImageObject\",\"inLanguage\":\"de\",\"@id\":\"https:\\\/\\\/rzu.upx.mybluehost.me\\\/#\\\/schema\\\/logo\\\/image\\\/\",\"url\":\"https:\\\/\\\/physiotherapie-pregler.de\\\/wp-content\\\/uploads\\\/2025\\\/07\\\/Physiotherapie-Pregler-Logo-Green.webp\",\"contentUrl\":\"https:\\\/\\\/physiotherapie-pregler.de\\\/wp-content\\\/uploads\\\/2025\\\/07\\\/Physiotherapie-Pregler-Logo-Green.webp\",\"width\":512,\"height\":512,\"caption\":\"Private Physiotherapie Pregler\"},\"image\":{\"@id\":\"https:\\\/\\\/rzu.upx.mybluehost.me\\\/#\\\/schema\\\/logo\\\/image\\\/\"},\"sameAs\":[\"https:\\\/\\\/www.instagram.com\\\/physiopregler\\\/\"]}]}<\/script>\n<!-- \/ Yoast SEO plugin. -->","yoast_head_json":{"title":"Patienten App Physiotherapie \u2013 TheraConnect - Private Physiotherapie Pregler","description":"Mit der TheraConnect Patienten-App verwalten Sie Termine, senden Nachrichten und erreichen Ihre Physiotherapie-Praxis jederzeit digital.","robots":{"index":"index","follow":"follow","max-snippet":"max-snippet:-1","max-image-preview":"max-image-preview:large","max-video-preview":"max-video-preview:-1"},"canonical":"https:\/\/physiotherapie-pregler.de\/de\/patienten-app-physiotherapie\/","og_locale":"de_DE","og_type":"article","og_title":"Patienten App Physiotherapie \u2013 TheraConnect - Private Physiotherapie Pregler","og_description":"Mit der TheraConnect Patienten-App verwalten Sie Termine, senden Nachrichten und erreichen Ihre Physiotherapie-Praxis jederzeit digital.","og_url":"https:\/\/physiotherapie-pregler.de\/de\/patienten-app-physiotherapie\/","og_site_name":"Private Physiotherapie Pregler","article_modified_time":"2026-04-09T17:57:46+00:00","og_image":[{"width":1024,"height":768,"url":"https:\/\/physiotherapie-pregler.de\/wp-content\/uploads\/2025\/08\/Pregler-TheraConnect-App-1024x768.webp","type":"image\/webp"}],"twitter_card":"summary_large_image","twitter_misc":{"Gesch\u00e4tzte Lesezeit":"3\u00a0Minuten"},"schema":{"@context":"https:\/\/schema.org","@graph":[{"@type":["WebPage","MedicalWebPage"],"@id":"https:\/\/physiotherapie-pregler.de\/patienten-app-physiotherapie\/","url":"https:\/\/physiotherapie-pregler.de\/patienten-app-physiotherapie\/","name":"Patienten App Physiotherapie \u2013 TheraConnect - Private Physiotherapie Pregler","isPartOf":{"@id":"https:\/\/rzu.upx.mybluehost.me\/#website"},"primaryImageOfPage":{"@id":"https:\/\/physiotherapie-pregler.de\/patienten-app-physiotherapie\/#primaryimage"},"image":{"@id":"https:\/\/physiotherapie-pregler.de\/patienten-app-physiotherapie\/#primaryimage"},"thumbnailUrl":"https:\/\/physiotherapie-pregler.de\/wp-content\/uploads\/2025\/08\/Pregler-TheraConnect-App-scaled.webp","datePublished":"2025-08-04T07:48:08+00:00","dateModified":"2026-04-09T17:57:46+00:00","description":"Mit der TheraConnect Patienten-App verwalten Sie Termine, senden Nachrichten und erreichen Ihre Physiotherapie-Praxis jederzeit digital.","breadcrumb":{"@id":"https:\/\/physiotherapie-pregler.de\/patienten-app-physiotherapie\/#breadcrumb"},"inLanguage":"de","potentialAction":[{"@type":"ReadAction","target":["https:\/\/physiotherapie-pregler.de\/patienten-app-physiotherapie\/"]}]},{"@type":"ImageObject","inLanguage":"de","@id":"https:\/\/physiotherapie-pregler.de\/patienten-app-physiotherapie\/#primaryimage","url":"https:\/\/physiotherapie-pregler.de\/wp-content\/uploads\/2025\/08\/Pregler-TheraConnect-App-scaled.webp","contentUrl":"https:\/\/physiotherapie-pregler.de\/wp-content\/uploads\/2025\/08\/Pregler-TheraConnect-App-scaled.webp"},{"@type":"BreadcrumbList","@id":"https:\/\/physiotherapie-pregler.de\/patienten-app-physiotherapie\/#breadcrumb","itemListElement":[{"@type":"ListItem","position":1,"name":"Home","item":"https:\/\/physiotherapie-pregler.de\/"},{"@type":"ListItem","position":2,"name":"TheraConnect-App"}]},{"@type":"WebSite","@id":"https:\/\/rzu.upx.mybluehost.me\/#website","url":"https:\/\/rzu.upx.mybluehost.me\/","name":"Private Physiotherapie Pregler","description":"PRIVATE PHYSIOTHERAPIE PREGLER","publisher":{"@id":"https:\/\/rzu.upx.mybluehost.me\/#organization"},"alternateName":"Private Physiotherapie Pregler","potentialAction":[{"@type":"SearchAction","target":{"@type":"EntryPoint","urlTemplate":"https:\/\/rzu.upx.mybluehost.me\/?s={search_term_string}"},"query-input":{"@type":"PropertyValueSpecification","valueRequired":true,"valueName":"search_term_string"}}],"inLanguage":"de"},{"@type":"Organization","@id":"https:\/\/rzu.upx.mybluehost.me\/#organization","name":"Private Physiotherapie Pregler","alternateName":"Private Physiotherapie Pregler","url":"https:\/\/rzu.upx.mybluehost.me\/","logo":{"@type":"ImageObject","inLanguage":"de","@id":"https:\/\/rzu.upx.mybluehost.me\/#\/schema\/logo\/image\/","url":"https:\/\/physiotherapie-pregler.de\/wp-content\/uploads\/2025\/07\/Physiotherapie-Pregler-Logo-Green.webp","contentUrl":"https:\/\/physiotherapie-pregler.de\/wp-content\/uploads\/2025\/07\/Physiotherapie-Pregler-Logo-Green.webp","width":512,"height":512,"caption":"Private Physiotherapie Pregler"},"image":{"@id":"https:\/\/rzu.upx.mybluehost.me\/#\/schema\/logo\/image\/"},"sameAs":["https:\/\/www.instagram.com\/physiopregler\/"]}]}},"_links":{"self":[{"href":"https:\/\/physiotherapie-pregler.de\/de\/wp-json\/wp\/v2\/pages\/725","targetHints":{"allow":["GET"]}}],"collection":[{"href":"https:\/\/physiotherapie-pregler.de\/de\/wp-json\/wp\/v2\/pages"}],"about":[{"href":"https:\/\/physiotherapie-pregler.de\/de\/wp-json\/wp\/v2\/types\/page"}],"author":[{"embeddable":true,"href":"https:\/\/physiotherapie-pregler.de\/de\/wp-json\/wp\/v2\/users\/1"}],"replies":[{"embeddable":true,"href":"https:\/\/physiotherapie-pregler.de\/de\/wp-json\/wp\/v2\/comments?post=725"}],"version-history":[{"count":11,"href":"https:\/\/physiotherapie-pregler.de\/de\/wp-json\/wp\/v2\/pages\/725\/revisions"}],"predecessor-version":[{"id":1358,"href":"https:\/\/physiotherapie-pregler.de\/de\/wp-json\/wp\/v2\/pages\/725\/revisions\/1358"}],"wp:attachment":[{"href":"https:\/\/physiotherapie-pregler.de\/de\/wp-json\/wp\/v2\/media?parent=725"}],"curies":[{"name":"wp","href":"https:\/\/api.w.org\/{rel}","templated":true}]}}